{"id":21,"date":"2022-10-21T11:25:16","date_gmt":"2022-10-21T10:25:16","guid":{"rendered":"https:\/\/tattoocon.de\/?page_id=21"},"modified":"2026-03-05T09:51:28","modified_gmt":"2026-03-05T08:51:28","slug":"anmeldung","status":"publish","type":"page","link":"https:\/\/tattoocon.de\/en\/anmeldung","title":{"rendered":"Anmeldung"},"content":{"rendered":"<div data-elementor-type=\"wp-page\" data-elementor-id=\"21\" class=\"elementor elementor-21\" data-elementor-post-type=\"page\">\n\t\t\t\t\t\t<section class=\"elementor-section elementor-top-section elementor-element elementor-element-3e0df3c elementor-section-boxed elementor-section-height-default elementor-section-height-default\" data-id=\"3e0df3c\" data-element_type=\"section\" data-settings=\"{&quot;background_background&quot;:&quot;classic&quot;}\">\n\t\t\t\t\t\t\t<div class=\"elementor-background-overlay\"><\/div>\n\t\t\t\t\t\t\t<div class=\"elementor-container elementor-column-gap-default\">\n\t\t\t\t\t<div class=\"elementor-column elementor-col-100 elementor-top-column elementor-element elementor-element-2bbf10c\" data-id=\"2bbf10c\" data-element_type=\"column\" data-settings=\"{&quot;background_background&quot;:&quot;classic&quot;,&quot;background_motion_fx_motion_fx_scrolling&quot;:&quot;yes&quot;,&quot;background_motion_fx_translateY_effect&quot;:&quot;yes&quot;,&quot;background_motion_fx_translateY_direction&quot;:&quot;negative&quot;,&quot;background_motion_fx_translateY_speed&quot;:{&quot;unit&quot;:&quot;px&quot;,&quot;size&quot;:&quot;2.5&quot;,&quot;sizes&quot;:[]},&quot;background_motion_fx_translateY_affectedRange&quot;:{&quot;unit&quot;:&quot;%&quot;,&quot;size&quot;:&quot;&quot;,&quot;sizes&quot;:{&quot;start&quot;:0,&quot;end&quot;:100}},&quot;background_motion_fx_devices&quot;:[&quot;desktop&quot;,&quot;tablet&quot;,&quot;mobile&quot;]}\">\n\t\t\t<div class=\"elementor-widget-wrap elementor-element-populated\">\n\t\t\t\t\t<div class=\"elementor-background-overlay\"><\/div>\n\t\t\t\t\t\t<div class=\"elementor-element elementor-element-a7c7f9b animated-slow elementor-invisible elementor-widget elementor-widget-heading\" data-id=\"a7c7f9b\" data-element_type=\"widget\" data-settings=\"{&quot;_animation&quot;:&quot;fadeIn&quot;}\" data-widget_type=\"heading.default\">\n\t\t\t\t<div class=\"elementor-widget-container\">\n\t\t\t\t\t<h1 class=\"elementor-heading-title elementor-size-default\">Be part of the legend<\/h1>\t\t\t\t<\/div>\n\t\t\t\t<\/div>\n\t\t\t\t<div class=\"elementor-element elementor-element-acfb133 elementor-widget elementor-widget-text-editor\" data-id=\"acfb133\" data-element_type=\"widget\" data-widget_type=\"text-editor.default\">\n\t\t\t\t<div class=\"elementor-widget-container\">\n\t\t\t\t\t\t\t\t\t<p>Present yourself as an artist and exhibitor at one of the oldest tattoo fairs in Germany, reach new customers and benefit from our reach.<\/p>\t\t\t\t\t\t\t\t<\/div>\n\t\t\t\t<\/div>\n\t\t\t\t\t<\/div>\n\t\t<\/div>\n\t\t\t\t\t<\/div>\n\t\t<\/section>\n\t\t\t\t<section class=\"elementor-section elementor-top-section elementor-element elementor-element-a33e359 elementor-section-boxed elementor-section-height-default elementor-section-height-default\" data-id=\"a33e359\" data-element_type=\"section\">\n\t\t\t\t\t\t<div class=\"elementor-container elementor-column-gap-default\">\n\t\t\t\t\t<div class=\"elementor-column elementor-col-50 elementor-top-column elementor-element elementor-element-7af7d3d\" data-id=\"7af7d3d\" data-element_type=\"column\">\n\t\t\t<div class=\"elementor-widget-wrap elementor-element-populated\">\n\t\t\t\t\t\t<div class=\"elementor-element elementor-element-5539344 elementor-widget elementor-widget-image\" data-id=\"5539344\" data-element_type=\"widget\" data-widget_type=\"image.default\">\n\t\t\t\t<div class=\"elementor-widget-container\">\n\t\t\t\t\t\t\t\t\t\t\t\t\t\t\t<img fetchpriority=\"high\" decoding=\"async\" width=\"800\" height=\"534\" src=\"https:\/\/tattoocon.de\/wp-content\/uploads\/2023\/06\/seb-1-von-1-10-1024x683.jpg\" class=\"attachment-large size-large wp-image-1216\" alt=\"\" srcset=\"https:\/\/tattoocon.de\/wp-content\/uploads\/2023\/06\/seb-1-von-1-10-1024x683.jpg 1024w, https:\/\/tattoocon.de\/wp-content\/uploads\/2023\/06\/seb-1-von-1-10-300x200.jpg 300w, https:\/\/tattoocon.de\/wp-content\/uploads\/2023\/06\/seb-1-von-1-10-768x512.jpg 768w, https:\/\/tattoocon.de\/wp-content\/uploads\/2023\/06\/seb-1-von-1-10-1536x1024.jpg 1536w, https:\/\/tattoocon.de\/wp-content\/uploads\/2023\/06\/seb-1-von-1-10-2048x1365.jpg 2048w\" sizes=\"(max-width: 800px) 100vw, 800px\" \/>\t\t\t\t\t\t\t\t\t\t\t\t\t\t\t<\/div>\n\t\t\t\t<\/div>\n\t\t\t\t<div class=\"elementor-element elementor-element-043f2dd elementor-widget elementor-widget-image\" data-id=\"043f2dd\" data-element_type=\"widget\" data-widget_type=\"image.default\">\n\t\t\t\t<div class=\"elementor-widget-container\">\n\t\t\t\t\t\t\t\t\t\t\t\t\t\t\t<img decoding=\"async\" width=\"800\" height=\"534\" src=\"https:\/\/tattoocon.de\/wp-content\/uploads\/2023\/06\/DoCon-2023-gross-52-1024x683.jpg\" class=\"attachment-large size-large wp-image-1182\" alt=\"\" srcset=\"https:\/\/tattoocon.de\/wp-content\/uploads\/2023\/06\/DoCon-2023-gross-52-1024x683.jpg 1024w, https:\/\/tattoocon.de\/wp-content\/uploads\/2023\/06\/DoCon-2023-gross-52-300x200.jpg 300w, https:\/\/tattoocon.de\/wp-content\/uploads\/2023\/06\/DoCon-2023-gross-52-768x512.jpg 768w, https:\/\/tattoocon.de\/wp-content\/uploads\/2023\/06\/DoCon-2023-gross-52-1536x1024.jpg 1536w, https:\/\/tattoocon.de\/wp-content\/uploads\/2023\/06\/DoCon-2023-gross-52-2048x1366.jpg 2048w\" sizes=\"(max-width: 800px) 100vw, 800px\" \/>\t\t\t\t\t\t\t\t\t\t\t\t\t\t\t<\/div>\n\t\t\t\t<\/div>\n\t\t\t\t<div class=\"elementor-element elementor-element-4e44e7a elementor-widget elementor-widget-image\" data-id=\"4e44e7a\" data-element_type=\"widget\" data-widget_type=\"image.default\">\n\t\t\t\t<div class=\"elementor-widget-container\">\n\t\t\t\t\t\t\t\t\t\t\t\t\t\t\t<img decoding=\"async\" width=\"800\" height=\"534\" src=\"https:\/\/tattoocon.de\/wp-content\/uploads\/2023\/06\/supplier-mood-1024x683.jpg\" class=\"attachment-large size-large wp-image-1230\" alt=\"\" srcset=\"https:\/\/tattoocon.de\/wp-content\/uploads\/2023\/06\/supplier-mood-1024x683.jpg 1024w, https:\/\/tattoocon.de\/wp-content\/uploads\/2023\/06\/supplier-mood-300x200.jpg 300w, https:\/\/tattoocon.de\/wp-content\/uploads\/2023\/06\/supplier-mood-768x512.jpg 768w, https:\/\/tattoocon.de\/wp-content\/uploads\/2023\/06\/supplier-mood-1536x1024.jpg 1536w, https:\/\/tattoocon.de\/wp-content\/uploads\/2023\/06\/supplier-mood-2048x1365.jpg 2048w\" sizes=\"(max-width: 800px) 100vw, 800px\" \/>\t\t\t\t\t\t\t\t\t\t\t\t\t\t\t<\/div>\n\t\t\t\t<\/div>\n\t\t\t\t<section class=\"elementor-section elementor-inner-section elementor-element elementor-element-0278669 elementor-section-boxed elementor-section-height-default elementor-section-height-default\" data-id=\"0278669\" data-element_type=\"section\">\n\t\t\t\t\t\t<div class=\"elementor-container elementor-column-gap-default\">\n\t\t\t\t\t<div class=\"elementor-column elementor-col-100 elementor-inner-column elementor-element elementor-element-4abfcc1\" data-id=\"4abfcc1\" data-element_type=\"column\">\n\t\t\t<div class=\"elementor-widget-wrap elementor-element-populated\">\n\t\t\t\t\t\t<div class=\"elementor-element elementor-element-da311cb elementor-widget elementor-widget-text-editor\" data-id=\"da311cb\" data-element_type=\"widget\" data-widget_type=\"text-editor.default\">\n\t\t\t\t<div class=\"elementor-widget-container\">\n\t\t\t\t\t\t\t\t\t<p><span style=\"font-weight: bolder; letter-spacing: 0.35px;\">Hinweis:<\/span><span style=\"letter-spacing: 0.35px;\">&nbsp;Wir freuen uns riesig \u00fcber das gro\u00dfe Interesse und m\u00f6chten so vielen Artists wie m\u00f6glich auf unserer Website und unseren Social-Media-Kan\u00e4len eine B\u00fchne bieten. Bitte habt Verst\u00e4ndnis daf\u00fcr, dass wir bei der Vielzahl an Anmeldungen nicht jede:n einzeln vorstellen k\u00f6nnen.&nbsp;<\/span><\/p>\t\t\t\t\t\t\t\t<\/div>\n\t\t\t\t<\/div>\n\t\t\t\t\t<\/div>\n\t\t<\/div>\n\t\t\t\t\t<\/div>\n\t\t<\/section>\n\t\t\t\t\t<\/div>\n\t\t<\/div>\n\t\t\t\t<div class=\"elementor-column elementor-col-50 elementor-top-column elementor-element elementor-element-54be8a0\" data-id=\"54be8a0\" data-element_type=\"column\">\n\t\t\t<div class=\"elementor-widget-wrap elementor-element-populated\">\n\t\t\t\t\t\t<div class=\"elementor-element elementor-element-0b075a2 elementor-widget elementor-widget-html\" data-id=\"0b075a2\" data-element_type=\"widget\" data-widget_type=\"html.default\">\n\t\t\t\t<div class=\"elementor-widget-container\">\n\t\t\t\t\t<script type=\"text\/javascript\" src=\"https:\/\/form.jotform.com\/jsform\/231994162491058\"><\/script>\t\t\t\t<\/div>\n\t\t\t\t<\/div>\n\t\t\t\t\t<\/div>\n\t\t<\/div>\n\t\t\t\t\t<\/div>\n\t\t<\/section>\n\t\t\t\t<\/div>","protected":false},"excerpt":{"rendered":"<p>Be part of the legend Pr\u00e4sentiere dich als Artist und Aussteller auf einer der \u00e4ltesten Tattoo-Messen Deutschlands, erreiche neue Kunden und profitiere von unserer Reichweite. Hinweis:&nbsp;Wir freuen uns riesig \u00fcber das gro\u00dfe Interesse und m\u00f6chten so vielen Artists wie m\u00f6glich auf unserer Website und unseren Social-Media-Kan\u00e4len eine B\u00fchne bieten. Bitte habt Verst\u00e4ndnis daf\u00fcr, dass wir [&hellip;]<\/p>","protected":false},"author":1,"featured_media":0,"parent":0,"menu_order":100,"comment_status":"closed","ping_status":"closed","template":"","meta":{"footnotes":""},"class_list":["post-21","page","type-page","status-publish","hentry"],"yoast_head":"<!-- This site is optimized with the Yoast SEO plugin v25.9 - https:\/\/yoast.com\/wordpress\/plugins\/seo\/ -->\n<title>Anmeldung - Dortmund Tattoo Convention<\/title>\n<meta name=\"robots\" content=\"index, follow, max-snippet:-1, max-image-preview:large, max-video-preview:-1\" \/>\n<link rel=\"canonical\" href=\"https:\/\/tattoocon.de\/en\/anmeldung\/\" \/>\n<meta property=\"og:locale\" content=\"en_GB\" \/>\n<meta property=\"og:type\" content=\"article\" \/>\n<meta property=\"og:title\" content=\"Anmeldung - Dortmund Tattoo Convention\" \/>\n<meta property=\"og:description\" content=\"Be part of the legend Pr\u00e4sentiere dich als Artist und Aussteller auf einer der \u00e4ltesten Tattoo-Messen Deutschlands, erreiche neue Kunden und profitiere von unserer Reichweite. Hinweis:&nbsp;Wir freuen uns riesig \u00fcber das gro\u00dfe Interesse und m\u00f6chten so vielen Artists wie m\u00f6glich auf unserer Website und unseren Social-Media-Kan\u00e4len eine B\u00fchne bieten. Bitte habt Verst\u00e4ndnis daf\u00fcr, dass wir [&hellip;]\" \/>\n<meta property=\"og:url\" content=\"https:\/\/tattoocon.de\/en\/anmeldung\/\" \/>\n<meta property=\"og:site_name\" content=\"Dortmund Tattoo Convention\" \/>\n<meta property=\"article:publisher\" content=\"https:\/\/www.facebook.com\/TattooConDortmund\" \/>\n<meta property=\"article:modified_time\" content=\"2026-03-05T08:51:28+00:00\" \/>\n<meta property=\"og:image\" content=\"https:\/\/tattoocon.de\/wp-content\/uploads\/2023\/06\/seb-1-von-1-10-scaled.jpg\" \/>\n\t<meta property=\"og:image:width\" content=\"2560\" \/>\n\t<meta property=\"og:image:height\" content=\"1707\" \/>\n\t<meta property=\"og:image:type\" content=\"image\/jpeg\" \/>\n<meta name=\"twitter:card\" content=\"summary_large_image\" \/>\n<meta name=\"twitter:label1\" content=\"Est. reading time\" \/>\n\t<meta name=\"twitter:data1\" content=\"1 minute\" \/>\n<script type=\"application\/ld+json\" class=\"yoast-schema-graph\">{\"@context\":\"https:\/\/schema.org\",\"@graph\":[{\"@type\":\"WebPage\",\"@id\":\"https:\/\/tattoocon.de\/anmeldung\",\"url\":\"https:\/\/tattoocon.de\/anmeldung\",\"name\":\"Anmeldung - Dortmund Tattoo Convention\",\"isPartOf\":{\"@id\":\"https:\/\/tattoocon.de\/#website\"},\"primaryImageOfPage\":{\"@id\":\"https:\/\/tattoocon.de\/anmeldung#primaryimage\"},\"image\":{\"@id\":\"https:\/\/tattoocon.de\/anmeldung#primaryimage\"},\"thumbnailUrl\":\"https:\/\/tattoocon.de\/wp-content\/uploads\/2023\/06\/seb-1-von-1-10-1024x683.jpg\",\"datePublished\":\"2022-10-21T10:25:16+00:00\",\"dateModified\":\"2026-03-05T08:51:28+00:00\",\"breadcrumb\":{\"@id\":\"https:\/\/tattoocon.de\/anmeldung#breadcrumb\"},\"inLanguage\":\"en-GB\",\"potentialAction\":[{\"@type\":\"ReadAction\",\"target\":[\"https:\/\/tattoocon.de\/anmeldung\"]}]},{\"@type\":\"ImageObject\",\"inLanguage\":\"en-GB\",\"@id\":\"https:\/\/tattoocon.de\/anmeldung#primaryimage\",\"url\":\"https:\/\/tattoocon.de\/wp-content\/uploads\/2023\/06\/seb-1-von-1-10-1024x683.jpg\",\"contentUrl\":\"https:\/\/tattoocon.de\/wp-content\/uploads\/2023\/06\/seb-1-von-1-10-1024x683.jpg\"},{\"@type\":\"BreadcrumbList\",\"@id\":\"https:\/\/tattoocon.de\/anmeldung#breadcrumb\",\"itemListElement\":[{\"@type\":\"ListItem\",\"position\":1,\"name\":\"Home\",\"item\":\"https:\/\/tattoocon.de\/\"},{\"@type\":\"ListItem\",\"position\":2,\"name\":\"Anmeldung\"}]},{\"@type\":\"WebSite\",\"@id\":\"https:\/\/tattoocon.de\/#website\",\"url\":\"https:\/\/tattoocon.de\/\",\"name\":\"Dortmund Tattoo Convention\",\"description\":\"28th Tatto con Dortmund: May 9th - May 11th 2025\",\"publisher\":{\"@id\":\"https:\/\/tattoocon.de\/#organization\"},\"potentialAction\":[{\"@type\":\"SearchAction\",\"target\":{\"@type\":\"EntryPoint\",\"urlTemplate\":\"https:\/\/tattoocon.de\/?s={search_term_string}\"},\"query-input\":{\"@type\":\"PropertyValueSpecification\",\"valueRequired\":true,\"valueName\":\"search_term_string\"}}],\"inLanguage\":\"en-GB\"},{\"@type\":\"Organization\",\"@id\":\"https:\/\/tattoocon.de\/#organization\",\"name\":\"Dortmund Tattoo Convention\",\"url\":\"https:\/\/tattoocon.de\/\",\"logo\":{\"@type\":\"ImageObject\",\"inLanguage\":\"en-GB\",\"@id\":\"https:\/\/tattoocon.de\/#\/schema\/logo\/image\/\",\"url\":\"https:\/\/tattoocon.de\/wp-content\/uploads\/2023\/06\/Tattoocon2026-Date_web.png\",\"contentUrl\":\"https:\/\/tattoocon.de\/wp-content\/uploads\/2023\/06\/Tattoocon2026-Date_web.png\",\"width\":2090,\"height\":933,\"caption\":\"Dortmund Tattoo Convention\"},\"image\":{\"@id\":\"https:\/\/tattoocon.de\/#\/schema\/logo\/image\/\"},\"sameAs\":[\"https:\/\/www.facebook.com\/TattooConDortmund\",\"https:\/\/www.instagram.com\/tattoo.con\/\"]}]}<\/script>\n<!-- \/ Yoast SEO plugin. -->","yoast_head_json":{"title":"Anmeldung - Dortmund Tattoo Convention","robots":{"index":"index","follow":"follow","max-snippet":"max-snippet:-1","max-image-preview":"max-image-preview:large","max-video-preview":"max-video-preview:-1"},"canonical":"https:\/\/tattoocon.de\/en\/anmeldung\/","og_locale":"en_GB","og_type":"article","og_title":"Anmeldung - Dortmund Tattoo Convention","og_description":"Be part of the legend Pr\u00e4sentiere dich als Artist und Aussteller auf einer der \u00e4ltesten Tattoo-Messen Deutschlands, erreiche neue Kunden und profitiere von unserer Reichweite. Hinweis:&nbsp;Wir freuen uns riesig \u00fcber das gro\u00dfe Interesse und m\u00f6chten so vielen Artists wie m\u00f6glich auf unserer Website und unseren Social-Media-Kan\u00e4len eine B\u00fchne bieten. Bitte habt Verst\u00e4ndnis daf\u00fcr, dass wir [&hellip;]","og_url":"https:\/\/tattoocon.de\/en\/anmeldung\/","og_site_name":"Dortmund Tattoo Convention","article_publisher":"https:\/\/www.facebook.com\/TattooConDortmund","article_modified_time":"2026-03-05T08:51:28+00:00","og_image":[{"width":2560,"height":1707,"url":"https:\/\/tattoocon.de\/wp-content\/uploads\/2023\/06\/seb-1-von-1-10-scaled.jpg","type":"image\/jpeg"}],"twitter_card":"summary_large_image","twitter_misc":{"Est. reading time":"1 minute"},"schema":{"@context":"https:\/\/schema.org","@graph":[{"@type":"WebPage","@id":"https:\/\/tattoocon.de\/anmeldung","url":"https:\/\/tattoocon.de\/anmeldung","name":"Anmeldung - Dortmund Tattoo Convention","isPartOf":{"@id":"https:\/\/tattoocon.de\/#website"},"primaryImageOfPage":{"@id":"https:\/\/tattoocon.de\/anmeldung#primaryimage"},"image":{"@id":"https:\/\/tattoocon.de\/anmeldung#primaryimage"},"thumbnailUrl":"https:\/\/tattoocon.de\/wp-content\/uploads\/2023\/06\/seb-1-von-1-10-1024x683.jpg","datePublished":"2022-10-21T10:25:16+00:00","dateModified":"2026-03-05T08:51:28+00:00","breadcrumb":{"@id":"https:\/\/tattoocon.de\/anmeldung#breadcrumb"},"inLanguage":"en-GB","potentialAction":[{"@type":"ReadAction","target":["https:\/\/tattoocon.de\/anmeldung"]}]},{"@type":"ImageObject","inLanguage":"en-GB","@id":"https:\/\/tattoocon.de\/anmeldung#primaryimage","url":"https:\/\/tattoocon.de\/wp-content\/uploads\/2023\/06\/seb-1-von-1-10-1024x683.jpg","contentUrl":"https:\/\/tattoocon.de\/wp-content\/uploads\/2023\/06\/seb-1-von-1-10-1024x683.jpg"},{"@type":"BreadcrumbList","@id":"https:\/\/tattoocon.de\/anmeldung#breadcrumb","itemListElement":[{"@type":"ListItem","position":1,"name":"Home","item":"https:\/\/tattoocon.de\/"},{"@type":"ListItem","position":2,"name":"Anmeldung"}]},{"@type":"WebSite","@id":"https:\/\/tattoocon.de\/#website","url":"https:\/\/tattoocon.de\/","name":"Dortmund Tattoo Convention","description":"28th Tatto con Dortmund: May 9th - May 11th 2025","publisher":{"@id":"https:\/\/tattoocon.de\/#organization"},"potentialAction":[{"@type":"SearchAction","target":{"@type":"EntryPoint","urlTemplate":"https:\/\/tattoocon.de\/?s={search_term_string}"},"query-input":{"@type":"PropertyValueSpecification","valueRequired":true,"valueName":"search_term_string"}}],"inLanguage":"en-GB"},{"@type":"Organization","@id":"https:\/\/tattoocon.de\/#organization","name":"Dortmund Tattoo Convention","url":"https:\/\/tattoocon.de\/","logo":{"@type":"ImageObject","inLanguage":"en-GB","@id":"https:\/\/tattoocon.de\/#\/schema\/logo\/image\/","url":"https:\/\/tattoocon.de\/wp-content\/uploads\/2023\/06\/Tattoocon2026-Date_web.png","contentUrl":"https:\/\/tattoocon.de\/wp-content\/uploads\/2023\/06\/Tattoocon2026-Date_web.png","width":2090,"height":933,"caption":"Dortmund Tattoo Convention"},"image":{"@id":"https:\/\/tattoocon.de\/#\/schema\/logo\/image\/"},"sameAs":["https:\/\/www.facebook.com\/TattooConDortmund","https:\/\/www.instagram.com\/tattoo.con\/"]}]}},"_links":{"self":[{"href":"https:\/\/tattoocon.de\/en\/wp-json\/wp\/v2\/pages\/21","targetHints":{"allow":["GET"]}}],"collection":[{"href":"https:\/\/tattoocon.de\/en\/wp-json\/wp\/v2\/pages"}],"about":[{"href":"https:\/\/tattoocon.de\/en\/wp-json\/wp\/v2\/types\/page"}],"author":[{"embeddable":true,"href":"https:\/\/tattoocon.de\/en\/wp-json\/wp\/v2\/users\/1"}],"replies":[{"embeddable":true,"href":"https:\/\/tattoocon.de\/en\/wp-json\/wp\/v2\/comments?post=21"}],"version-history":[{"count":248,"href":"https:\/\/tattoocon.de\/en\/wp-json\/wp\/v2\/pages\/21\/revisions"}],"predecessor-version":[{"id":6208,"href":"https:\/\/tattoocon.de\/en\/wp-json\/wp\/v2\/pages\/21\/revisions\/6208"}],"wp:attachment":[{"href":"https:\/\/tattoocon.de\/en\/wp-json\/wp\/v2\/media?parent=21"}],"curies":[{"name":"wp","href":"https:\/\/api.w.org\/{rel}","templated":true}]}}