{"id":50,"date":"2022-10-21T12:01:03","date_gmt":"2022-10-21T11:01:03","guid":{"rendered":"https:\/\/tattoocon.de\/?page_id=50"},"modified":"2023-08-24T09:53:34","modified_gmt":"2023-08-24T07:53:34","slug":"agb","status":"publish","type":"page","link":"https:\/\/tattoocon.de\/en\/agb","title":{"rendered":"Terms and conditions"},"content":{"rendered":"<div data-elementor-type=\"wp-page\" data-elementor-id=\"50\" class=\"elementor elementor-50\" data-elementor-post-type=\"page\">\n\t\t\t\t\t\t<section class=\"elementor-section elementor-top-section elementor-element elementor-element-78901d3c elementor-section-boxed elementor-section-height-default elementor-section-height-default\" data-id=\"78901d3c\" data-element_type=\"section\">\n\t\t\t\t\t\t<div class=\"elementor-container elementor-column-gap-default\">\n\t\t\t\t\t<div class=\"elementor-column elementor-col-100 elementor-top-column elementor-element elementor-element-154ffc88\" data-id=\"154ffc88\" data-element_type=\"column\">\n\t\t\t<div class=\"elementor-widget-wrap elementor-element-populated\">\n\t\t\t\t\t\t<div class=\"elementor-element elementor-element-674df3d2 elementor-widget elementor-widget-text-editor\" data-id=\"674df3d2\" data-element_type=\"widget\" data-widget_type=\"text-editor.default\">\n\t\t\t\t<div class=\"elementor-widget-container\">\n\t\t\t\t\t\t\t\t\t<h1>Terms and conditions<\/h1><p><strong>1.\u00a0GELTUNGSBEREICH<\/strong><\/p><p>F\u00fcr alle Bestellungen \u00fcber unseren Online-Shop durch Verbraucher und Unternehmer gelten die nachfolgenden AGB.<\/p><p>Verbraucher ist jede nat\u00fcrliche Person, die ein Rechtsgesch\u00e4ft zu Zwecken abschlie\u00dft, die \u00fcberwiegend weder ihrer gewerblichen noch ihrer selbst\u00e4ndigen beruflichen T\u00e4tigkeit zugerechnet werden k\u00f6nnen. Unternehmer ist eine nat\u00fcrliche oder juristische Person oder eine rechtsf\u00e4hige Personengesellschaft, die bei Abschluss eines Rechtsgesch\u00e4fts in Aus\u00fcbung ihrer gewerblichen oder selbst\u00e4ndigen beruflichen T\u00e4tigkeit handelt.<\/p><p>Gegen\u00fcber Unternehmern gilt: Verwendet der Unternehmer entgegenstehende oder erg\u00e4nzende Allgemeine Gesch\u00e4ftsbedingungen, wird deren Geltung hiermit widersprochen; sie werden nur dann Vertragsbestandteil, wenn wir dem ausdr\u00fccklich zugestimmt haben.<\/p><p><br \/><strong>2.\u00a0VERTRAGSPARTNER, VERTRAGSSCHLUSS, KORREKTURM\u00d6GLICHKEITEN<\/strong><\/p><p>Der Kaufvertrag kommt zustande mit GHOST-PROMOTION GmbH.<\/p><p>Die Darstellung der Produkte im Online-Shop stellt kein rechtlich bindendes Angebot, sondern einen unverbindlichen Online-Katalog dar. Sie k\u00f6nnen unsere Produkte zun\u00e4chst unverbindlich in den Warenkorb legen und Ihre Eingaben vor Absenden Ihrer verbindlichen Bestellung jederzeit korrigieren, indem Sie die hierf\u00fcr im Bestellablauf vorgesehenen und erl\u00e4uterten Korrekturhilfen nutzen. Durch Anklicken des Bestellbuttons geben Sie ein verbindliches Angebot \u00fcber die im Warenkorb enthaltenen Waren ab. Die Best\u00e4tigung des Zugangs Ihrer Bestellung erfolgt per E-Mail unmittelbar nach dem Absenden der Bestellung.<\/p><p>Wir nehmen Ihr Angebot innerhalb von zwei Tagen an, indem<\/p><ul><li>wir eine Annahmeerkl\u00e4rung in separater E-Mail abgeben oder<\/li><li>wir die Ware ausliefern lassen oder<\/li><li>gegebenenfalls die Zahlungstransaktion durch unseren Dienstleister oder den ausgew\u00e4hlten Zahlungsdienstleister durchgef\u00fchrt wird. Der Durchf\u00fchrungszeitpunkt der Zahlungstransaktion richtet sich nach der jeweils ausgew\u00e4hlten Zahlungsart (s. unter \u201eBezahlung\u201c).<\/li><\/ul><p>Die f\u00fcr Sie relevante Alternative richtet sich danach, welches der aufgez\u00e4hlten Ereignisse als erstes eintritt.<\/p><p><br \/><strong>3.\u00a0VERTRAGSSPRACHE, VERTRAGSTEXTSPEICHERUNG<\/strong><\/p><p>Die f\u00fcr den Vertragsschluss zur Verf\u00fcgung stehende(n) Sprache(n): Deutsch, Englisch<\/p><p>Wir speichern den Vertragstext und senden Ihnen die Bestelldaten und unsere AGB in Textform zu. Der Vertragstext ist aus Sicherheitsgr\u00fcnden nicht mehr \u00fcber das Internet zug\u00e4nglich.<\/p><p><strong>4.\u00a0LIEFERBEDINGUNGEN<\/strong><\/p><p>Wir liefern versandkostenfrei.<\/p><p>Wir liefern nur im Versandweg. Eine Selbstabholung der Ware ist leider nicht m\u00f6glich.<\/p><p>Wir liefern nicht an Packstationen.<\/p><p><strong>5. BEZAHLUNG<\/strong><br \/>In unserem Shop stehen Ihnen grunds\u00e4tzlich die folgenden Zahlungsarten zur Verf\u00fcgung:<\/p><p><strong>Kreditkarte<\/strong><br \/>Im Bestellprozess geben Sie Ihre Kreditkartendaten an. Ihre Karte wird nach Versendung der Ware belastet.<\/p><p><strong>PayPal, PayPal Express<\/strong><br \/>Um den Rechnungsbetrag \u00fcber den Zahlungsdienstleister PayPal (Europe) S.\u00e0 r.l. et Cie, S.C.A, 22-24 Boulevard Royal, L-2449 Luxembourg (\u201ePayPal\u201c) bezahlen zu k\u00f6nnen, m\u00fcssen Sie bei PayPal registriert sein, sich mit Ihren Zugangsdaten legitimieren und die Zahlungsanweisung best\u00e4tigen. Die Zahlungstransaktion wird durch PayPal unmittelbar nach Abgabe der Bestellung durchgef\u00fchrt. Weitere Hinweise erhalten Sie im Bestellvorgang.<\/p><p><strong>Sofort by klarna<\/strong><\/p><p>Um den Rechnungsbetrag \u00fcber den Zahlungsdienstleister Sofort GmbH, Theresienh\u00f6he 12, 80339 M\u00fcnchen bezahlen zu k\u00f6nnen, m\u00fcssen Sie \u00fcber ein f\u00fcr Online-Banking freigeschaltetes Bankkonto verf\u00fcgen, sich entsprechend legitimieren und die Zahlungsanweisung best\u00e4tigen. Ihr Konto wird unmittelbar nach Abgabe der Bestellung belastet. Weitere Hinweise erhalten Sie im Bestellvorgang.<\/p><p><strong>6. WIDERRUFSRECHT<\/strong><\/p><p>Verbrauchern steht das gesetzliche Widerrufsrecht, wie in der Widerrufsbelehrung beschrieben, zu. Unternehmern wird kein freiwilliges Widerrufsrecht einger\u00e4umt.<\/p><p><strong>7. EIGENTUMSVORBEHALT\u200b\u200b\u200b\u200b\u200b\u200b\u200b<\/strong><br \/>Die Ware bleibt bis zur vollst\u00e4ndigen Bezahlung unser Eigentum.<br \/>F\u00fcr Unternehmer gilt erg\u00e4nzend: Wir behalten uns das Eigentum an der Ware bis zur vollst\u00e4ndigen Begleichung aller Forderungen aus einer laufenden Gesch\u00e4ftsbeziehung vor. Sie d\u00fcrfen die Vorbehaltsware im ordentlichen Gesch\u00e4ftsbetrieb weiterver\u00e4u\u00dfern; s\u00e4mtliche aus diesem Weiterverkauf entstehenden Forderungen treten Sie \u2013 unabh\u00e4ngig von einer Verbindung oder Vermischung der Vorbehaltsware mit einer neuen Sache \u2013 in H\u00f6he des Rechnungsbetrages an uns im Voraus ab, und wir nehmen diese Abtretung an. Sie bleiben zur Einziehung der Forderungen erm\u00e4chtigt, wir d\u00fcrfen Forderungen jedoch auch selbst einziehen, soweit Sie Ihren Zahlungsverpflichtungen nicht nachkommen. Die uns zustehenden Sicherheiten werden wir auf Ihr Verlangen insoweit freigeben, als der realisierbare Wert der Sicherheiten den Wert der offenen Forderungen um mehr als 10 % \u00fcbersteigt.<\/p><p><strong>8. GEW\u00c4HRLEISTUNG UND GARANTIEN\u200b\u200b\u200b\u200b\u200b\u200b\u200b<\/strong><\/p><p><strong>8.1 M\u00c4NGELHAFTUNGSRECHT<\/strong><\/p><p>Es gilt das gesetzliche M\u00e4ngelhaftungsrecht.<\/p><p><strong>8.2 GARANTIEN UND KUNDENDIENST<\/strong><\/p><p>Informationen zu gegebenenfalls geltenden zus\u00e4tzlichen Garantien und deren genaue Bedingungen finden Sie jeweils beim Produkt und auf besonderen Informationsseiten im Online-Shop.<\/p><p><strong>10. STREITBEILEGUNG\u200b\u200b\u200b\u200b\u200b\u200b\u200b<\/strong><\/p><p>Die Europ\u00e4ische Kommission stellt eine Plattform zur Online-Streitbeilegung (OS) bereit, die Sie <a href=\"https:\/\/ec.europa.eu\/consumers\/odr\/\" target=\"_blank\" rel=\"noreferrer noopener\">hier<\/a>\u00a0finden. Zur Teilnahme an einem Streitbeilegungsverfahren vor einer Verbraucherschlichtungsstelle sind wir nicht verpflichtet und nicht bereit.<\/p><p><strong>11. SCHLUSSBESTIMMUNGEN\u200b\u200b\u200b\u200b\u200b\u200b\u200b<\/strong><br \/>Sind Sie Kaufmann im Sinne des Handelsgesetzbuches, juristische Person des \u00f6ffentlichen Rechts oder \u00f6ffentlich-rechtliches Sonderverm\u00f6gen, ist ausschlie\u00dflicher Gerichtsstand f\u00fcr alle Streitigkeiten aus Vertragsverh\u00e4ltnissen zwischen uns und Ihnen unser Gesch\u00e4ftssitz.<\/p>\t\t\t\t\t\t\t\t<\/div>\n\t\t\t\t<\/div>\n\t\t\t\t\t<\/div>\n\t\t<\/div>\n\t\t\t\t\t<\/div>\n\t\t<\/section>\n\t\t\t\t<\/div>","protected":false},"excerpt":{"rendered":"<p>AGB 1.\u00a0GELTUNGSBEREICH F\u00fcr alle Bestellungen \u00fcber unseren Online-Shop durch Verbraucher und Unternehmer gelten die nachfolgenden AGB. Verbraucher ist jede nat\u00fcrliche Person, die ein Rechtsgesch\u00e4ft zu Zwecken abschlie\u00dft, die \u00fcberwiegend weder ihrer gewerblichen noch ihrer selbst\u00e4ndigen beruflichen T\u00e4tigkeit zugerechnet werden k\u00f6nnen. Unternehmer ist eine nat\u00fcrliche oder juristische Person oder eine rechtsf\u00e4hige Personengesellschaft, die bei Abschluss eines [&hellip;]<\/p>","protected":false},"author":1,"featured_media":0,"parent":0,"menu_order":100,"comment_status":"closed","ping_status":"closed","template":"","meta":{"footnotes":""},"class_list":["post-50","page","type-page","status-publish","hentry"],"yoast_head":"<!-- This site is optimized with the Yoast SEO plugin v25.9 - https:\/\/yoast.com\/wordpress\/plugins\/seo\/ -->\n<title>AGB - Dortmund Tattoo Convention<\/title>\n<meta name=\"robots\" content=\"index, follow, max-snippet:-1, max-image-preview:large, max-video-preview:-1\" \/>\n<link rel=\"canonical\" href=\"https:\/\/tattoocon.de\/en\/agb\/\" \/>\n<meta property=\"og:locale\" content=\"en_GB\" \/>\n<meta property=\"og:type\" content=\"article\" \/>\n<meta property=\"og:title\" content=\"AGB - Dortmund Tattoo Convention\" \/>\n<meta property=\"og:description\" content=\"AGB 1.\u00a0GELTUNGSBEREICH F\u00fcr alle Bestellungen \u00fcber unseren Online-Shop durch Verbraucher und Unternehmer gelten die nachfolgenden AGB. Verbraucher ist jede nat\u00fcrliche Person, die ein Rechtsgesch\u00e4ft zu Zwecken abschlie\u00dft, die \u00fcberwiegend weder ihrer gewerblichen noch ihrer selbst\u00e4ndigen beruflichen T\u00e4tigkeit zugerechnet werden k\u00f6nnen. Unternehmer ist eine nat\u00fcrliche oder juristische Person oder eine rechtsf\u00e4hige Personengesellschaft, die bei Abschluss eines [&hellip;]\" \/>\n<meta property=\"og:url\" content=\"https:\/\/tattoocon.de\/en\/agb\/\" \/>\n<meta property=\"og:site_name\" content=\"Dortmund Tattoo Convention\" \/>\n<meta property=\"article:publisher\" content=\"https:\/\/www.facebook.com\/TattooConDortmund\" \/>\n<meta property=\"article:modified_time\" content=\"2023-08-24T07:53:34+00:00\" \/>\n<meta name=\"twitter:card\" content=\"summary_large_image\" \/>\n<meta name=\"twitter:label1\" content=\"Est. reading time\" \/>\n\t<meta name=\"twitter:data1\" content=\"4 minutes\" \/>\n<script type=\"application\/ld+json\" class=\"yoast-schema-graph\">{\"@context\":\"https:\/\/schema.org\",\"@graph\":[{\"@type\":\"WebPage\",\"@id\":\"https:\/\/tattoocon.de\/agb\",\"url\":\"https:\/\/tattoocon.de\/agb\",\"name\":\"AGB - Dortmund Tattoo Convention\",\"isPartOf\":{\"@id\":\"https:\/\/tattoocon.de\/#website\"},\"datePublished\":\"2022-10-21T11:01:03+00:00\",\"dateModified\":\"2023-08-24T07:53:34+00:00\",\"breadcrumb\":{\"@id\":\"https:\/\/tattoocon.de\/agb#breadcrumb\"},\"inLanguage\":\"en-GB\",\"potentialAction\":[{\"@type\":\"ReadAction\",\"target\":[\"https:\/\/tattoocon.de\/agb\"]}]},{\"@type\":\"BreadcrumbList\",\"@id\":\"https:\/\/tattoocon.de\/agb#breadcrumb\",\"itemListElement\":[{\"@type\":\"ListItem\",\"position\":1,\"name\":\"Home\",\"item\":\"https:\/\/tattoocon.de\/\"},{\"@type\":\"ListItem\",\"position\":2,\"name\":\"AGB\"}]},{\"@type\":\"WebSite\",\"@id\":\"https:\/\/tattoocon.de\/#website\",\"url\":\"https:\/\/tattoocon.de\/\",\"name\":\"Dortmund Tattoo Convention\",\"description\":\"28th Tatto con Dortmund: May 9th - May 11th 2025\",\"publisher\":{\"@id\":\"https:\/\/tattoocon.de\/#organization\"},\"potentialAction\":[{\"@type\":\"SearchAction\",\"target\":{\"@type\":\"EntryPoint\",\"urlTemplate\":\"https:\/\/tattoocon.de\/?s={search_term_string}\"},\"query-input\":{\"@type\":\"PropertyValueSpecification\",\"valueRequired\":true,\"valueName\":\"search_term_string\"}}],\"inLanguage\":\"en-GB\"},{\"@type\":\"Organization\",\"@id\":\"https:\/\/tattoocon.de\/#organization\",\"name\":\"Dortmund Tattoo Convention\",\"url\":\"https:\/\/tattoocon.de\/\",\"logo\":{\"@type\":\"ImageObject\",\"inLanguage\":\"en-GB\",\"@id\":\"https:\/\/tattoocon.de\/#\/schema\/logo\/image\/\",\"url\":\"https:\/\/tattoocon.de\/wp-content\/uploads\/2023\/06\/Tattoocon2026-Date_web.png\",\"contentUrl\":\"https:\/\/tattoocon.de\/wp-content\/uploads\/2023\/06\/Tattoocon2026-Date_web.png\",\"width\":2090,\"height\":933,\"caption\":\"Dortmund Tattoo Convention\"},\"image\":{\"@id\":\"https:\/\/tattoocon.de\/#\/schema\/logo\/image\/\"},\"sameAs\":[\"https:\/\/www.facebook.com\/TattooConDortmund\",\"https:\/\/www.instagram.com\/tattoo.con\/\"]}]}<\/script>\n<!-- \/ Yoast SEO plugin. -->","yoast_head_json":{"title":"AGB - Dortmund Tattoo Convention","robots":{"index":"index","follow":"follow","max-snippet":"max-snippet:-1","max-image-preview":"max-image-preview:large","max-video-preview":"max-video-preview:-1"},"canonical":"https:\/\/tattoocon.de\/en\/agb\/","og_locale":"en_GB","og_type":"article","og_title":"AGB - Dortmund Tattoo Convention","og_description":"AGB 1.\u00a0GELTUNGSBEREICH F\u00fcr alle Bestellungen \u00fcber unseren Online-Shop durch Verbraucher und Unternehmer gelten die nachfolgenden AGB. Verbraucher ist jede nat\u00fcrliche Person, die ein Rechtsgesch\u00e4ft zu Zwecken abschlie\u00dft, die \u00fcberwiegend weder ihrer gewerblichen noch ihrer selbst\u00e4ndigen beruflichen T\u00e4tigkeit zugerechnet werden k\u00f6nnen. Unternehmer ist eine nat\u00fcrliche oder juristische Person oder eine rechtsf\u00e4hige Personengesellschaft, die bei Abschluss eines [&hellip;]","og_url":"https:\/\/tattoocon.de\/en\/agb\/","og_site_name":"Dortmund Tattoo Convention","article_publisher":"https:\/\/www.facebook.com\/TattooConDortmund","article_modified_time":"2023-08-24T07:53:34+00:00","twitter_card":"summary_large_image","twitter_misc":{"Est. reading time":"4 minutes"},"schema":{"@context":"https:\/\/schema.org","@graph":[{"@type":"WebPage","@id":"https:\/\/tattoocon.de\/agb","url":"https:\/\/tattoocon.de\/agb","name":"AGB - Dortmund Tattoo Convention","isPartOf":{"@id":"https:\/\/tattoocon.de\/#website"},"datePublished":"2022-10-21T11:01:03+00:00","dateModified":"2023-08-24T07:53:34+00:00","breadcrumb":{"@id":"https:\/\/tattoocon.de\/agb#breadcrumb"},"inLanguage":"en-GB","potentialAction":[{"@type":"ReadAction","target":["https:\/\/tattoocon.de\/agb"]}]},{"@type":"BreadcrumbList","@id":"https:\/\/tattoocon.de\/agb#breadcrumb","itemListElement":[{"@type":"ListItem","position":1,"name":"Home","item":"https:\/\/tattoocon.de\/"},{"@type":"ListItem","position":2,"name":"AGB"}]},{"@type":"WebSite","@id":"https:\/\/tattoocon.de\/#website","url":"https:\/\/tattoocon.de\/","name":"Dortmund Tattoo Convention","description":"28th Tatto con Dortmund: May 9th - May 11th 2025","publisher":{"@id":"https:\/\/tattoocon.de\/#organization"},"potentialAction":[{"@type":"SearchAction","target":{"@type":"EntryPoint","urlTemplate":"https:\/\/tattoocon.de\/?s={search_term_string}"},"query-input":{"@type":"PropertyValueSpecification","valueRequired":true,"valueName":"search_term_string"}}],"inLanguage":"en-GB"},{"@type":"Organization","@id":"https:\/\/tattoocon.de\/#organization","name":"Dortmund Tattoo Convention","url":"https:\/\/tattoocon.de\/","logo":{"@type":"ImageObject","inLanguage":"en-GB","@id":"https:\/\/tattoocon.de\/#\/schema\/logo\/image\/","url":"https:\/\/tattoocon.de\/wp-content\/uploads\/2023\/06\/Tattoocon2026-Date_web.png","contentUrl":"https:\/\/tattoocon.de\/wp-content\/uploads\/2023\/06\/Tattoocon2026-Date_web.png","width":2090,"height":933,"caption":"Dortmund Tattoo Convention"},"image":{"@id":"https:\/\/tattoocon.de\/#\/schema\/logo\/image\/"},"sameAs":["https:\/\/www.facebook.com\/TattooConDortmund","https:\/\/www.instagram.com\/tattoo.con\/"]}]}},"_links":{"self":[{"href":"https:\/\/tattoocon.de\/en\/wp-json\/wp\/v2\/pages\/50","targetHints":{"allow":["GET"]}}],"collection":[{"href":"https:\/\/tattoocon.de\/en\/wp-json\/wp\/v2\/pages"}],"about":[{"href":"https:\/\/tattoocon.de\/en\/wp-json\/wp\/v2\/types\/page"}],"author":[{"embeddable":true,"href":"https:\/\/tattoocon.de\/en\/wp-json\/wp\/v2\/users\/1"}],"replies":[{"embeddable":true,"href":"https:\/\/tattoocon.de\/en\/wp-json\/wp\/v2\/comments?post=50"}],"version-history":[{"count":15,"href":"https:\/\/tattoocon.de\/en\/wp-json\/wp\/v2\/pages\/50\/revisions"}],"predecessor-version":[{"id":1871,"href":"https:\/\/tattoocon.de\/en\/wp-json\/wp\/v2\/pages\/50\/revisions\/1871"}],"wp:attachment":[{"href":"https:\/\/tattoocon.de\/en\/wp-json\/wp\/v2\/media?parent=50"}],"curies":[{"name":"wp","href":"https:\/\/api.w.org\/{rel}","templated":true}]}}